{"id":2,"date":"2018-05-17T16:55:13","date_gmt":"2018-05-17T14:55:13","guid":{"rendered":"http:\/\/www.kunstmonitor.at\/cms\/?page_id=2"},"modified":"2018-10-29T19:09:18","modified_gmt":"2018-10-29T18:09:18","slug":"beispiel-seite","status":"publish","type":"page","link":"https:\/\/www.kunstmonitor.at\/cms\/","title":{"rendered":"Home"},"content":{"rendered":"<p><span style=\"color: #000000;\">Willkommen bei unserer Serviceagentur f\u00fcr K\u00fcnstler und Veranstalter!<\/span><br \/>\n<span style=\"color: #000000;\">Wir m\u00f6chten Kunst und Kultur m\u00f6glich machen und unterst\u00fctzen, dabei ist unser jahrelang aufgebauter Erfahrungsschatz und unser Knowhow unser Kapital.<\/span><br \/>\n<span style=\"color: #000000;\">Unsere Angebote und Leistungen wenden sich sowohl an K\u00fcnstler und Kulturschaffende als auch an Veranstalter, Festivals und Kulturvereine. In einem pers\u00f6nlichen Gespr\u00e4ch finden wir gerne gemeinsam die beste L\u00f6sung f\u00fcr Ihre Bed\u00fcrfnisse.<\/span><\/p>\n","protected":false},"excerpt":{"rendered":"<p>Willkommen bei unserer Serviceagentur f\u00fcr K\u00fcnstler und Veranstalter! Wir m\u00f6chten Kunst und Kultur m\u00f6glich machen und unterst\u00fctzen, dabei ist unser jahrelang aufgebauter Erfahrungsschatz und unser Knowhow unser Kapital. Unsere Angebote und Leistungen wenden sich sowohl an K\u00fcnstler und Kulturschaffende als auch an Veranstalter, Festivals und Kulturvereine. In einem pers\u00f6nlichen Gespr\u00e4ch finden wir gerne gemeinsam die<\/p>\n<footer class=\"entry-footer index-entry\">\n<div class=\"post-social pull-left\"><a href=\"https:\/\/www.facebook.com\/sharer\/sharer.php?u=https%3A%2F%2Fwww.kunstmonitor.at%2Fcms%2F\" target=\"_blank\" class=\"social-icons\"><i class=\"fa fa-facebook\" aria-hidden=\"true\"><\/i><\/a><a href=\"https:\/\/twitter.com\/home?status=https%3A%2F%2Fwww.kunstmonitor.at%2Fcms%2F\" target=\"_blank\" class=\"social-icons\"><i class=\"fa fa-twitter\" aria-hidden=\"true\"><\/i><\/a><a href=\"https:\/\/www.linkedin.com\/shareArticle?mini=true&#038;url=https%3A%2F%2Fwww.kunstmonitor.at%2Fcms%2F&#038;title=Home\" target=\"_blank\" class=\"social-icons\"><i class=\"fa fa-linkedin\" aria-hidden=\"true\"><\/i><\/a><\/div>\n<p class=\"link-more\"><a href=\"https:\/\/www.kunstmonitor.at\/cms\/\" class=\"more-link\">Continue reading <span class=\"meta-nav\">\u2192<\/span><\/a><\/p>\n<\/footer>\n","protected":false},"author":2,"featured_media":0,"parent":0,"menu_order":0,"comment_status":"closed","ping_status":"open","template":"","meta":{"footnotes":""},"_links":{"self":[{"href":"https:\/\/www.kunstmonitor.at\/cms\/wp-json\/wp\/v2\/pages\/2"}],"collection":[{"href":"https:\/\/www.kunstmonitor.at\/cms\/wp-json\/wp\/v2\/pages"}],"about":[{"href":"https:\/\/www.kunstmonitor.at\/cms\/wp-json\/wp\/v2\/types\/page"}],"author":[{"embeddable":true,"href":"https:\/\/www.kunstmonitor.at\/cms\/wp-json\/wp\/v2\/users\/2"}],"replies":[{"embeddable":true,"href":"https:\/\/www.kunstmonitor.at\/cms\/wp-json\/wp\/v2\/comments?post=2"}],"version-history":[{"count":3,"href":"https:\/\/www.kunstmonitor.at\/cms\/wp-json\/wp\/v2\/pages\/2\/revisions"}],"predecessor-version":[{"id":201,"href":"https:\/\/www.kunstmonitor.at\/cms\/wp-json\/wp\/v2\/pages\/2\/revisions\/201"}],"wp:attachment":[{"href":"https:\/\/www.kunstmonitor.at\/cms\/wp-json\/wp\/v2\/media?parent=2"}],"curies":[{"name":"wp","href":"https:\/\/api.w.org\/{rel}","templated":true}]}}